{"id":650,"date":"2018-05-30T12:57:13","date_gmt":"2018-05-30T09:57:13","guid":{"rendered":"http:\/\/blog.makinagetir.com\/?page_id=650"},"modified":"2025-05-16T09:25:09","modified_gmt":"2025-05-16T06:25:09","slug":"hakkimizda","status":"publish","type":"page","link":"https:\/\/www.ytrent.com\/blog\/hakkimizda\/","title":{"rendered":"Hakk\u0131m\u0131zda"},"content":{"rendered":"<div class=\"about\">\n<p><span class=\"_fadeIn_m1hgl_8\">2016 <\/span><span class=\"_fadeIn_m1hgl_8\">y\u0131l\u0131nda <\/span><span class=\"_fadeIn_m1hgl_8\">kurulan <\/span><strong data-start=\"186\" data-end=\"205\"><span class=\"_fadeIn_m1hgl_8\">MakinaGetir.<\/span><span class=\"_fadeIn_m1hgl_8\">com<\/span><\/strong><span class=\"_fadeIn_m1hgl_8\">, <\/span><span class=\"_fadeIn_m1hgl_8\">20 <\/span><span class=\"_fadeIn_m1hgl_8\">y\u0131l\u0131 <\/span><span class=\"_fadeIn_m1hgl_8\">a\u015fk\u0131n <\/span><span class=\"_fadeIn_m1hgl_8\">kiralama <\/span><span class=\"_fadeIn_m1hgl_8\">ve <\/span><span class=\"_fadeIn_m1hgl_8\">i\u015f <\/span><span class=\"_fadeIn_m1hgl_8\">makineleri <\/span><span class=\"_fadeIn_m1hgl_8\">sekt\u00f6r\u00fcndeki <\/span><span class=\"_fadeIn_m1hgl_8\">tecr\u00fcbesiyle <\/span><span class=\"_fadeIn_m1hgl_8\">T\u00fcrkiye\u2019de <\/span><strong data-start=\"284\" data-end=\"305\"><span class=\"_fadeIn_m1hgl_8\">kurumsal <\/span><span class=\"_fadeIn_m1hgl_8\">kiralama<\/span><\/strong> <span class=\"_fadeIn_m1hgl_8\">hizmetine <\/span><span class=\"_fadeIn_m1hgl_8\">dijital <\/span><span class=\"_fadeIn_m1hgl_8\">bir <\/span><span class=\"_fadeIn_m1hgl_8\">boyut <\/span><span class=\"_fadeIn_m1hgl_8\">kazand\u0131rmak <\/span><span class=\"_fadeIn_m1hgl_8\">amac\u0131yla kuruldu.<\/span><\/p>\n<p><strong data-start=\"590\" data-end=\"639\"><span class=\"_fadeIn_m1hgl_8\">Te<\/span><span class=\"_fadeIn_m1hgl_8\">darik\u00e7ileriyle <\/span><span class=\"_fadeIn_m1hgl_8\">i\u015f <\/span><span class=\"_fadeIn_m1hgl_8\">birli\u011fi <\/span><\/strong><span class=\"_fadeIn_m1hgl_8\">yapan <\/span><span class=\"_fadeIn_m1hgl_8\">ve <\/span><span class=\"_fadeIn_m1hgl_8\">g\u00fc\u00e7l\u00fc <\/span><span class=\"_fadeIn_m1hgl_8\">teknolojik <\/span><span class=\"_fadeIn_m1hgl_8\">altyap\u0131s\u0131yla <\/span><span class=\"_fadeIn_m1hgl_8\">hem <\/span><span class=\"_fadeIn_m1hgl_8\">kiraya <\/span><span class=\"_fadeIn_m1hgl_8\">verenleri <\/span><span class=\"_fadeIn_m1hgl_8\">hem <\/span><span class=\"_fadeIn_m1hgl_8\">de <\/span><span class=\"_fadeIn_m1hgl_8\">kiralamak <\/span><span class=\"_fadeIn_m1hgl_8\">isteyenleri <\/span><span class=\"_fadeIn_m1hgl_8\">bir <\/span><span class=\"_fadeIn_m1hgl_8\">araya <\/span><span class=\"_fadeIn_m1hgl_8\">getiren <\/span><span class=\"_fadeIn_m1hgl_8\">MakinaGetir.<\/span><span class=\"_fadeIn_m1hgl_8\">com, <\/span><span class=\"_fadeIn_m1hgl_8\">2024\u2019te marka d\u00f6n\u00fc\u015f\u00fcm\u00fc ile YTrent.com ad\u0131n\u0131 ald\u0131.<\/span><\/p>\n<p>YTRENT, i\u015f ve end\u00fcstriyel makine kiralama s\u00fcrecini daha h\u0131zl\u0131, g\u00fcvenilir ve eri\u015filebilir hale getirmek i\u00e7in tedarik\u00e7ileriyle i\u015f birli\u011fi yaparak; makine kiralamak isteyen i\u015fletmeler ile makinelerini kiraya vermek isteyen sahipleri tek bir \u00e7at\u0131 alt\u0131nda bulu\u015fturuyor.<\/p>\n<p><span class=\"underline\">S<\/span>ekt\u00f6r\u00fcn dinamiklerini analiz ederek internet \u00fczerinden i\u015f ve end\u00fcstriyel makineler kiralamak ve kiraya vermek i\u00e7in olu\u015fturulan interaktif bir platform olan <span class=\"_fadeIn_m1hgl_8\">YTrent, <\/span><span class=\"_fadeIn_m1hgl_8\">T\u00fcrkiye <\/span><span class=\"_fadeIn_m1hgl_8\">genelinde <\/span><strong data-start=\"1295\" data-end=\"1319\"><span class=\"_fadeIn_m1hgl_8\">geni\u015f <\/span><span class=\"_fadeIn_m1hgl_8\">\u00fcr\u00fcn <\/span><span class=\"_fadeIn_m1hgl_8\">gam\u0131<\/span><\/strong><span class=\"_fadeIn_m1hgl_8\">, onlarca sekt\u00f6re<\/span><strong data-start=\"1321\" data-end=\"1363\"><span class=\"_fadeIn_m1hgl_8\">\u00a0<\/span><span class=\"_fadeIn_m1hgl_8\">hitap <\/span><span class=\"_fadeIn_m1hgl_8\">eden <\/span><span class=\"_fadeIn_m1hgl_8\">\u00e7\u00f6z\u00fcmler<\/span><\/strong> <span class=\"_fadeIn_m1hgl_8\">ve <\/span><strong data-start=\"1367\" data-end=\"1397\"><span class=\"_fadeIn_m1hgl_8\">g\u00fc\u00e7l\u00fc <\/span><span class=\"_fadeIn_m1hgl_8\">dijital <\/span><span class=\"_fadeIn_m1hgl_8\">altyap\u0131<\/span><\/strong> <span class=\"_fadeIn_m1hgl_8\">ile <\/span><span class=\"_fadeIn_m1hgl_8\">kullan\u0131c\u0131lar\u0131na <\/span><span class=\"_fadeIn_m1hgl_8\">daha <\/span><span class=\"_fadeIn_m1hgl_8\">kapsaml\u0131, esnek ve s\u00fcrd\u00fcr\u00fclebilir <\/span><span class=\"_fadeIn_m1hgl_8\">bir <\/span><span class=\"_fadeIn_m1hgl_8\">hizmet <\/span><span class=\"_fadeIn_m1hgl_8\">sunmay\u0131 <\/span><span class=\"_fadeIn_m1hgl_8\">hedefliyor.<\/span><\/p>\n<p class=\"\" data-start=\"1093\" data-end=\"1337\">Kuruldu\u011fu g\u00fcnden bu yana ko\u015fulsuz m\u00fc\u015fteri memnuniyeti ilkesiyle hareket eden YTRent (eski ad\u0131yla MakinaGetir.com), gelen t\u00fcm teklif ve talepleri en h\u0131zl\u0131 \u015fekilde yan\u0131tlayarak sekt\u00f6rde dijital kiralaman\u0131n g\u00fcvenilir adresi olmay\u0131 hedeflemektedir.<\/p>\n<\/div>\n","protected":false},"excerpt":{"rendered":"<p>2016 y\u0131l\u0131nda kurulan MakinaGetir.com, 20 y\u0131l\u0131 a\u015fk\u0131n kiralama ve i\u015f makineleri sekt\u00f6r\u00fcndeki tecr\u00fcbesiyle T\u00fcrkiye\u2019de kurumsal kiralama hizmetine dijital bir boyut kazand\u0131rmak amac\u0131yla kuruldu. Tedarik\u00e7ileriyle i\u015f birli\u011fi yapan ve g\u00fc\u00e7l\u00fc teknolojik altyap\u0131s\u0131yla hem kiraya verenleri hem de kiralamak isteyenleri bir araya getiren MakinaGetir.com, 2024\u2019te marka d\u00f6n\u00fc\u015f\u00fcm\u00fc ile YTrent.com ad\u0131n\u0131 ald\u0131. YTRENT, i\u015f ve end\u00fcstriyel makine kiralama<\/p>\n","protected":false},"author":7,"featured_media":0,"parent":0,"menu_order":0,"comment_status":"closed","ping_status":"closed","template":"","meta":{"footnotes":""},"yoast_head":"<!-- This site is optimized with the Yoast SEO plugin v21.3 - https:\/\/yoast.com\/wordpress\/plugins\/seo\/ -->\n<title>Hakk\u0131m\u0131zda - ytrent.com Blog<\/title>\n<meta name=\"description\" content=\"YTRENT, i\u015f ve end\u00fcstriyel makine kiralamada dijital \u00e7\u00f6z\u00fcmler sunar. Sekt\u00f6rel yenilikler, ipu\u00e7lar\u0131 ve rehber i\u00e7erikler sizi bekliyor.\" \/>\n<meta name=\"robots\" content=\"index, follow, max-snippet:-1, max-image-preview:large, max-video-preview:-1\" \/>\n<link rel=\"canonical\" href=\"https:\/\/www.ytrent.com\/blog\/hakkimizda\/\" \/>\n<meta property=\"og:locale\" content=\"tr_TR\" \/>\n<meta property=\"og:type\" content=\"article\" \/>\n<meta property=\"og:title\" content=\"Hakk\u0131m\u0131zda - ytrent.com Blog\" \/>\n<meta property=\"og:description\" content=\"YTRENT, i\u015f ve end\u00fcstriyel makine kiralamada dijital \u00e7\u00f6z\u00fcmler sunar. Sekt\u00f6rel yenilikler, ipu\u00e7lar\u0131 ve rehber i\u00e7erikler sizi bekliyor.\" \/>\n<meta property=\"og:url\" content=\"https:\/\/www.ytrent.com\/blog\/hakkimizda\/\" \/>\n<meta property=\"og:site_name\" content=\"ytrent.com Blog\" \/>\n<meta property=\"article:modified_time\" content=\"2025-05-16T06:25:09+00:00\" \/>\n<meta name=\"twitter:card\" content=\"summary_large_image\" \/>\n<meta name=\"twitter:label1\" content=\"Tahmini okuma s\u00fcresi\" \/>\n\t<meta name=\"twitter:data1\" content=\"1 dakika\" \/>\n<script type=\"application\/ld+json\" class=\"yoast-schema-graph\">{\"@context\":\"https:\/\/schema.org\",\"@graph\":[{\"@type\":\"WebPage\",\"@id\":\"https:\/\/www.ytrent.com\/blog\/hakkimizda\/\",\"url\":\"https:\/\/www.ytrent.com\/blog\/hakkimizda\/\",\"name\":\"Hakk\u0131m\u0131zda - ytrent.com Blog\",\"isPartOf\":{\"@id\":\"https:\/\/www.ytrent.com\/blog\/#website\"},\"datePublished\":\"2018-05-30T09:57:13+00:00\",\"dateModified\":\"2025-05-16T06:25:09+00:00\",\"description\":\"YTRENT, i\u015f ve end\u00fcstriyel makine kiralamada dijital \u00e7\u00f6z\u00fcmler sunar. Sekt\u00f6rel yenilikler, ipu\u00e7lar\u0131 ve rehber i\u00e7erikler sizi bekliyor.\",\"breadcrumb\":{\"@id\":\"https:\/\/www.ytrent.com\/blog\/hakkimizda\/#breadcrumb\"},\"inLanguage\":\"tr\",\"potentialAction\":[{\"@type\":\"ReadAction\",\"target\":[\"https:\/\/www.ytrent.com\/blog\/hakkimizda\/\"]}]},{\"@type\":\"BreadcrumbList\",\"@id\":\"https:\/\/www.ytrent.com\/blog\/hakkimizda\/#breadcrumb\",\"itemListElement\":[{\"@type\":\"ListItem\",\"position\":1,\"name\":\"Ana sayfa\",\"item\":\"https:\/\/www.ytrent.com\/blog\/\"},{\"@type\":\"ListItem\",\"position\":2,\"name\":\"Hakk\u0131m\u0131zda\"}]},{\"@type\":\"WebSite\",\"@id\":\"https:\/\/www.ytrent.com\/blog\/#website\",\"url\":\"https:\/\/www.ytrent.com\/blog\/\",\"name\":\"makinagetir.com Blog\",\"description\":\"H\u0131zl\u0131, Kolay ve G\u00fcvenilir\",\"potentialAction\":[{\"@type\":\"SearchAction\",\"target\":{\"@type\":\"EntryPoint\",\"urlTemplate\":\"https:\/\/www.ytrent.com\/blog\/?s={search_term_string}\"},\"query-input\":\"required name=search_term_string\"}],\"inLanguage\":\"tr\"}]}<\/script>\n<!-- \/ Yoast SEO plugin. -->","yoast_head_json":{"title":"Hakk\u0131m\u0131zda - ytrent.com Blog","description":"YTRENT, i\u015f ve end\u00fcstriyel makine kiralamada dijital \u00e7\u00f6z\u00fcmler sunar. Sekt\u00f6rel yenilikler, ipu\u00e7lar\u0131 ve rehber i\u00e7erikler sizi bekliyor.","robots":{"index":"index","follow":"follow","max-snippet":"max-snippet:-1","max-image-preview":"max-image-preview:large","max-video-preview":"max-video-preview:-1"},"canonical":"https:\/\/www.ytrent.com\/blog\/hakkimizda\/","og_locale":"tr_TR","og_type":"article","og_title":"Hakk\u0131m\u0131zda - ytrent.com Blog","og_description":"YTRENT, i\u015f ve end\u00fcstriyel makine kiralamada dijital \u00e7\u00f6z\u00fcmler sunar. Sekt\u00f6rel yenilikler, ipu\u00e7lar\u0131 ve rehber i\u00e7erikler sizi bekliyor.","og_url":"https:\/\/www.ytrent.com\/blog\/hakkimizda\/","og_site_name":"ytrent.com Blog","article_modified_time":"2025-05-16T06:25:09+00:00","twitter_card":"summary_large_image","twitter_misc":{"Tahmini okuma s\u00fcresi":"1 dakika"},"schema":{"@context":"https:\/\/schema.org","@graph":[{"@type":"WebPage","@id":"https:\/\/www.ytrent.com\/blog\/hakkimizda\/","url":"https:\/\/www.ytrent.com\/blog\/hakkimizda\/","name":"Hakk\u0131m\u0131zda - ytrent.com Blog","isPartOf":{"@id":"https:\/\/www.ytrent.com\/blog\/#website"},"datePublished":"2018-05-30T09:57:13+00:00","dateModified":"2025-05-16T06:25:09+00:00","description":"YTRENT, i\u015f ve end\u00fcstriyel makine kiralamada dijital \u00e7\u00f6z\u00fcmler sunar. Sekt\u00f6rel yenilikler, ipu\u00e7lar\u0131 ve rehber i\u00e7erikler sizi bekliyor.","breadcrumb":{"@id":"https:\/\/www.ytrent.com\/blog\/hakkimizda\/#breadcrumb"},"inLanguage":"tr","potentialAction":[{"@type":"ReadAction","target":["https:\/\/www.ytrent.com\/blog\/hakkimizda\/"]}]},{"@type":"BreadcrumbList","@id":"https:\/\/www.ytrent.com\/blog\/hakkimizda\/#breadcrumb","itemListElement":[{"@type":"ListItem","position":1,"name":"Ana sayfa","item":"https:\/\/www.ytrent.com\/blog\/"},{"@type":"ListItem","position":2,"name":"Hakk\u0131m\u0131zda"}]},{"@type":"WebSite","@id":"https:\/\/www.ytrent.com\/blog\/#website","url":"https:\/\/www.ytrent.com\/blog\/","name":"makinagetir.com Blog","description":"H\u0131zl\u0131, Kolay ve G\u00fcvenilir","potentialAction":[{"@type":"SearchAction","target":{"@type":"EntryPoint","urlTemplate":"https:\/\/www.ytrent.com\/blog\/?s={search_term_string}"},"query-input":"required name=search_term_string"}],"inLanguage":"tr"}]}},"_links":{"self":[{"href":"https:\/\/www.ytrent.com\/blog\/wp-json\/wp\/v2\/pages\/650"}],"collection":[{"href":"https:\/\/www.ytrent.com\/blog\/wp-json\/wp\/v2\/pages"}],"about":[{"href":"https:\/\/www.ytrent.com\/blog\/wp-json\/wp\/v2\/types\/page"}],"author":[{"embeddable":true,"href":"https:\/\/www.ytrent.com\/blog\/wp-json\/wp\/v2\/users\/7"}],"replies":[{"embeddable":true,"href":"https:\/\/www.ytrent.com\/blog\/wp-json\/wp\/v2\/comments?post=650"}],"version-history":[{"count":7,"href":"https:\/\/www.ytrent.com\/blog\/wp-json\/wp\/v2\/pages\/650\/revisions"}],"predecessor-version":[{"id":5496,"href":"https:\/\/www.ytrent.com\/blog\/wp-json\/wp\/v2\/pages\/650\/revisions\/5496"}],"wp:attachment":[{"href":"https:\/\/www.ytrent.com\/blog\/wp-json\/wp\/v2\/media?parent=650"}],"curies":[{"name":"wp","href":"https:\/\/api.w.org\/{rel}","templated":true}]}}