{"id":654,"date":"2018-05-30T12:58:16","date_gmt":"2018-05-30T09:58:16","guid":{"rendered":"http:\/\/blog.makinagetir.com\/?page_id=654"},"modified":"2025-05-16T09:06:24","modified_gmt":"2025-05-16T06:06:24","slug":"sikca-sorulan-sorular","status":"publish","type":"page","link":"https:\/\/www.ytrent.com\/blog\/sikca-sorulan-sorular\/","title":{"rendered":"S\u0131k\u00e7a Sorulan Sorular"},"content":{"rendered":"<ul>\n<li><strong>YTRent.com Nedir?<\/strong><\/li>\n<\/ul>\n<p><strong data-start=\"185\" data-end=\"199\"><span class=\"_fadeIn_m1hgl_8\">YTRent.<\/span><span class=\"_fadeIn_m1hgl_8\">com<\/span><\/strong><span class=\"_fadeIn_m1hgl_8\">, <\/span><span class=\"_fadeIn_m1hgl_8\">T\u00fcrkiye\u2019deki <\/span><span class=\"_fadeIn_m1hgl_8\">i\u015f <\/span><span class=\"_fadeIn_m1hgl_8\">makineleri, <\/span><span class=\"_fadeIn_m1hgl_8\">end\u00fcstriyel makineler<\/span><span class=\"_fadeIn_m1hgl_8\">\u00a0ve <\/span>t\u00fcm ekipmanlar\u0131n kiralanabilece\u011fi bir bulu\u015fma noktas\u0131d\u0131r. \u0130\u015f makinesini kiraya vermek isteyen ki\u015filer ytrent.com a \u00fcye olur ve makinesinin bilgilerini sisteme y\u00fckler. Onayland\u0131ktan sonra i\u015f makinesi sisteme dahil olarak <strong>kiral\u0131k i\u015f makinesi<\/strong>\u00a0arayanlar i\u00e7in listelenmeye ba\u015flar.\u00a0<strong>\u0130\u015f makinesi kiralamak isteyenler<\/strong> tekliflerini verirler. Sistemde e\u015fle\u015fen i\u015f makinesi ve taleplerini ytrent.com bir araya getirir ve uzman dan\u0131\u015fmanlar\u0131 arac\u0131l\u0131\u011f\u0131yla kolay ve g\u00fcvenilir yolla kiralama yapmaya olanak tan\u0131r.<\/p>\n<ul>\n<li><strong>Nas\u0131l \u00fcye Olabilirim?<\/strong><\/li>\n<\/ul>\n<p>YTRent.com platformunda \u00fcyelik i\u00e7in herhangi bir \u00fccret \u00f6denmemektedir. iki \u00e7e\u015fit \u00fcyelik bulunmaktad\u0131r. Makine kiralamak isteyenlerin giri\u015f yap\u0131p, taleplerini ilettikleri ve makine sahiplerinin giri\u015f yap\u0131p, \u015firket kayd\u0131 ve makinalar\u0131n\u0131n resimleri ile birlikte kayd\u0131n\u0131 yapt\u0131klar\u0131 iki farkl\u0131 giri\u015f k\u0131sm\u0131 bulunmaktad\u0131r.<\/p>\n<p>YTRent.com ana sayfas\u0131nda sa\u011f \u00fcstte bulunan \u201cGiri\u015f Yap\u201d sekmesinden giri\u015f yap\u0131p, &#8220;\u00dcye Ol&#8221; butonuna bas\u0131p, makina kiralamak istiyorum ilgili alan\u0131n\u0131 veya makinam\u0131 kiraya vermek istiyorum ilgili alan\u0131n\u0131 doldurup kolayca \u00fcye olur. \u00fcye olmak i\u00e7in <a href=\"https:\/\/www.ytrent.com\/hesap\/giris\" data-cke-saved-href=\"https:\/\/www.makinagetir.com\/uye-ol\">l\u00fctfen t\u0131klay\u0131n<\/a>.<\/p>\n<ul>\n<li><strong>\u0130\u015f Dan\u0131\u015fman\u0131 Nedir?<\/strong><\/li>\n<\/ul>\n<p>YTRent.com da size en uygun makinay\u0131 bulmak i\u00e7in \u201c\u0130\u015f Dan\u0131\u015fman\u0131\u201d g\u00f6reve haz\u0131r. Bize i\u015finizi anlat\u0131n \u0130\u015f Dan\u0131\u015fman\u0131 \u00fccretsiz bir ekspertiz hizmeti vermeye ba\u015flas\u0131n!<\/p>\n<ul>\n<li><strong>Size Nas\u0131l Ula\u015fabilirim?<\/strong><\/li>\n<\/ul>\n<p>T\u00fcm talepleriniz i\u00e7in <a href=\"tel:08508880008\">0 850 888 00 08<\/a> numaram\u0131zdan ve <a href=\"tel:05345907470\">0 534 590 74 70<\/a> numaral\u0131 WhatsApp numaram\u0131zdan ula\u015fabilirsiniz.<\/p>\n","protected":false},"excerpt":{"rendered":"<p>YTRent.com Nedir? YTRent.com, T\u00fcrkiye\u2019deki i\u015f makineleri, end\u00fcstriyel makineler\u00a0ve t\u00fcm ekipmanlar\u0131n kiralanabilece\u011fi bir bulu\u015fma noktas\u0131d\u0131r. \u0130\u015f makinesini kiraya vermek isteyen ki\u015filer ytrent.com a \u00fcye olur ve makinesinin bilgilerini sisteme y\u00fckler. Onayland\u0131ktan sonra i\u015f makinesi sisteme dahil olarak kiral\u0131k i\u015f makinesi\u00a0arayanlar i\u00e7in listelenmeye ba\u015flar.\u00a0\u0130\u015f makinesi kiralamak isteyenler tekliflerini verirler. Sistemde e\u015fle\u015fen i\u015f makinesi ve taleplerini ytrent.com bir<\/p>\n","protected":false},"author":7,"featured_media":0,"parent":0,"menu_order":0,"comment_status":"closed","ping_status":"closed","template":"","meta":{"footnotes":""},"yoast_head":"<!-- This site is optimized with the Yoast SEO plugin v21.3 - https:\/\/yoast.com\/wordpress\/plugins\/seo\/ -->\n<title>S\u0131k\u00e7a Sorulan Sorular - ytrent.com Blog<\/title>\n<meta name=\"description\" content=\"T\u00fcrkiye\u2019nin lider i\u015f makinesi ve end\u00fcstriyel ekipman kiralama platformu YTRent ile ekskavat\u00f6r, forklift, vin\u00e7 ve daha fazlas\u0131n\u0131 g\u00fcvenle kiralay\u0131n. H\u0131zl\u0131 teklif, g\u00fcvenli hizmet!\" \/>\n<meta name=\"robots\" content=\"index, follow, max-snippet:-1, max-image-preview:large, max-video-preview:-1\" \/>\n<link rel=\"canonical\" href=\"https:\/\/www.ytrent.com\/blog\/sikca-sorulan-sorular\/\" \/>\n<meta property=\"og:locale\" content=\"tr_TR\" \/>\n<meta property=\"og:type\" content=\"article\" \/>\n<meta property=\"og:title\" content=\"S\u0131k\u00e7a Sorulan Sorular - ytrent.com Blog\" \/>\n<meta property=\"og:description\" content=\"T\u00fcrkiye\u2019nin lider i\u015f makinesi ve end\u00fcstriyel ekipman kiralama platformu YTRent ile ekskavat\u00f6r, forklift, vin\u00e7 ve daha fazlas\u0131n\u0131 g\u00fcvenle kiralay\u0131n. H\u0131zl\u0131 teklif, g\u00fcvenli hizmet!\" \/>\n<meta property=\"og:url\" content=\"https:\/\/www.ytrent.com\/blog\/sikca-sorulan-sorular\/\" \/>\n<meta property=\"og:site_name\" content=\"ytrent.com Blog\" \/>\n<meta property=\"article:modified_time\" content=\"2025-05-16T06:06:24+00:00\" \/>\n<meta name=\"twitter:card\" content=\"summary_large_image\" \/>\n<meta name=\"twitter:label1\" content=\"Tahmini okuma s\u00fcresi\" \/>\n\t<meta name=\"twitter:data1\" content=\"2 dakika\" \/>\n<script type=\"application\/ld+json\" class=\"yoast-schema-graph\">{\"@context\":\"https:\/\/schema.org\",\"@graph\":[{\"@type\":\"WebPage\",\"@id\":\"https:\/\/www.ytrent.com\/blog\/sikca-sorulan-sorular\/\",\"url\":\"https:\/\/www.ytrent.com\/blog\/sikca-sorulan-sorular\/\",\"name\":\"S\u0131k\u00e7a Sorulan Sorular - ytrent.com Blog\",\"isPartOf\":{\"@id\":\"https:\/\/www.ytrent.com\/blog\/#website\"},\"datePublished\":\"2018-05-30T09:58:16+00:00\",\"dateModified\":\"2025-05-16T06:06:24+00:00\",\"description\":\"T\u00fcrkiye\u2019nin lider i\u015f makinesi ve end\u00fcstriyel ekipman kiralama platformu YTRent ile ekskavat\u00f6r, forklift, vin\u00e7 ve daha fazlas\u0131n\u0131 g\u00fcvenle kiralay\u0131n. H\u0131zl\u0131 teklif, g\u00fcvenli hizmet!\",\"breadcrumb\":{\"@id\":\"https:\/\/www.ytrent.com\/blog\/sikca-sorulan-sorular\/#breadcrumb\"},\"inLanguage\":\"tr\",\"potentialAction\":[{\"@type\":\"ReadAction\",\"target\":[\"https:\/\/www.ytrent.com\/blog\/sikca-sorulan-sorular\/\"]}]},{\"@type\":\"BreadcrumbList\",\"@id\":\"https:\/\/www.ytrent.com\/blog\/sikca-sorulan-sorular\/#breadcrumb\",\"itemListElement\":[{\"@type\":\"ListItem\",\"position\":1,\"name\":\"Ana sayfa\",\"item\":\"https:\/\/www.ytrent.com\/blog\/\"},{\"@type\":\"ListItem\",\"position\":2,\"name\":\"S\u0131k\u00e7a Sorulan Sorular\"}]},{\"@type\":\"WebSite\",\"@id\":\"https:\/\/www.ytrent.com\/blog\/#website\",\"url\":\"https:\/\/www.ytrent.com\/blog\/\",\"name\":\"makinagetir.com Blog\",\"description\":\"H\u0131zl\u0131, Kolay ve G\u00fcvenilir\",\"potentialAction\":[{\"@type\":\"SearchAction\",\"target\":{\"@type\":\"EntryPoint\",\"urlTemplate\":\"https:\/\/www.ytrent.com\/blog\/?s={search_term_string}\"},\"query-input\":\"required name=search_term_string\"}],\"inLanguage\":\"tr\"}]}<\/script>\n<!-- \/ Yoast SEO plugin. -->","yoast_head_json":{"title":"S\u0131k\u00e7a Sorulan Sorular - ytrent.com Blog","description":"T\u00fcrkiye\u2019nin lider i\u015f makinesi ve end\u00fcstriyel ekipman kiralama platformu YTRent ile ekskavat\u00f6r, forklift, vin\u00e7 ve daha fazlas\u0131n\u0131 g\u00fcvenle kiralay\u0131n. H\u0131zl\u0131 teklif, g\u00fcvenli hizmet!","robots":{"index":"index","follow":"follow","max-snippet":"max-snippet:-1","max-image-preview":"max-image-preview:large","max-video-preview":"max-video-preview:-1"},"canonical":"https:\/\/www.ytrent.com\/blog\/sikca-sorulan-sorular\/","og_locale":"tr_TR","og_type":"article","og_title":"S\u0131k\u00e7a Sorulan Sorular - ytrent.com Blog","og_description":"T\u00fcrkiye\u2019nin lider i\u015f makinesi ve end\u00fcstriyel ekipman kiralama platformu YTRent ile ekskavat\u00f6r, forklift, vin\u00e7 ve daha fazlas\u0131n\u0131 g\u00fcvenle kiralay\u0131n. H\u0131zl\u0131 teklif, g\u00fcvenli hizmet!","og_url":"https:\/\/www.ytrent.com\/blog\/sikca-sorulan-sorular\/","og_site_name":"ytrent.com Blog","article_modified_time":"2025-05-16T06:06:24+00:00","twitter_card":"summary_large_image","twitter_misc":{"Tahmini okuma s\u00fcresi":"2 dakika"},"schema":{"@context":"https:\/\/schema.org","@graph":[{"@type":"WebPage","@id":"https:\/\/www.ytrent.com\/blog\/sikca-sorulan-sorular\/","url":"https:\/\/www.ytrent.com\/blog\/sikca-sorulan-sorular\/","name":"S\u0131k\u00e7a Sorulan Sorular - ytrent.com Blog","isPartOf":{"@id":"https:\/\/www.ytrent.com\/blog\/#website"},"datePublished":"2018-05-30T09:58:16+00:00","dateModified":"2025-05-16T06:06:24+00:00","description":"T\u00fcrkiye\u2019nin lider i\u015f makinesi ve end\u00fcstriyel ekipman kiralama platformu YTRent ile ekskavat\u00f6r, forklift, vin\u00e7 ve daha fazlas\u0131n\u0131 g\u00fcvenle kiralay\u0131n. H\u0131zl\u0131 teklif, g\u00fcvenli hizmet!","breadcrumb":{"@id":"https:\/\/www.ytrent.com\/blog\/sikca-sorulan-sorular\/#breadcrumb"},"inLanguage":"tr","potentialAction":[{"@type":"ReadAction","target":["https:\/\/www.ytrent.com\/blog\/sikca-sorulan-sorular\/"]}]},{"@type":"BreadcrumbList","@id":"https:\/\/www.ytrent.com\/blog\/sikca-sorulan-sorular\/#breadcrumb","itemListElement":[{"@type":"ListItem","position":1,"name":"Ana sayfa","item":"https:\/\/www.ytrent.com\/blog\/"},{"@type":"ListItem","position":2,"name":"S\u0131k\u00e7a Sorulan Sorular"}]},{"@type":"WebSite","@id":"https:\/\/www.ytrent.com\/blog\/#website","url":"https:\/\/www.ytrent.com\/blog\/","name":"makinagetir.com Blog","description":"H\u0131zl\u0131, Kolay ve G\u00fcvenilir","potentialAction":[{"@type":"SearchAction","target":{"@type":"EntryPoint","urlTemplate":"https:\/\/www.ytrent.com\/blog\/?s={search_term_string}"},"query-input":"required name=search_term_string"}],"inLanguage":"tr"}]}},"_links":{"self":[{"href":"https:\/\/www.ytrent.com\/blog\/wp-json\/wp\/v2\/pages\/654"}],"collection":[{"href":"https:\/\/www.ytrent.com\/blog\/wp-json\/wp\/v2\/pages"}],"about":[{"href":"https:\/\/www.ytrent.com\/blog\/wp-json\/wp\/v2\/types\/page"}],"author":[{"embeddable":true,"href":"https:\/\/www.ytrent.com\/blog\/wp-json\/wp\/v2\/users\/7"}],"replies":[{"embeddable":true,"href":"https:\/\/www.ytrent.com\/blog\/wp-json\/wp\/v2\/comments?post=654"}],"version-history":[{"count":7,"href":"https:\/\/www.ytrent.com\/blog\/wp-json\/wp\/v2\/pages\/654\/revisions"}],"predecessor-version":[{"id":5485,"href":"https:\/\/www.ytrent.com\/blog\/wp-json\/wp\/v2\/pages\/654\/revisions\/5485"}],"wp:attachment":[{"href":"https:\/\/www.ytrent.com\/blog\/wp-json\/wp\/v2\/media?parent=654"}],"curies":[{"name":"wp","href":"https:\/\/api.w.org\/{rel}","templated":true}]}}